{"id":7551,"date":"2021-03-02T19:42:37","date_gmt":"2021-03-02T19:42:37","guid":{"rendered":"https:\/\/parris.qodeinteractive.com\/?page_id=7551"},"modified":"2022-10-20T08:55:59","modified_gmt":"2022-10-20T08:55:59","slug":"kontakt","status":"publish","type":"page","link":"https:\/\/hoffmannmakeup.sk\/en\/kontakt\/","title":{"rendered":"kontakt"},"content":{"rendered":"<div data-elementor-type=\"wp-page\" data-elementor-id=\"7551\" class=\"elementor elementor-7551\">\n\t\t\t\t\t\t<section class=\"elementor-section elementor-top-section elementor-element elementor-element-44278c8 qodef-light-links elementor-section-boxed elementor-section-height-default elementor-section-height-default qodef-elementor-content-no\" data-id=\"44278c8\" data-element_type=\"section\">\n\t\t\t\t\t\t<div class=\"elementor-container elementor-column-gap-default\">\n\t\t\t\t\t<div class=\"elementor-column elementor-col-50 elementor-top-column elementor-element elementor-element-4e9aa34\" data-id=\"4e9aa34\" data-element_type=\"column\">\n\t\t\t<div class=\"elementor-widget-wrap elementor-element-populated\">\n\t\t\t\t\n\n\t\t<div class=\"elementor-element elementor-element-cd5cd00 elementor-widget elementor-widget-parris_core_single_image\" data-id=\"cd5cd00\" data-element_type=\"widget\" data-widget_type=\"parris_core_single_image.default\">\n\t\t\t\t<div class=\"elementor-widget-container\">\n\t\t\t<div class=\"qodef-shortcode qodef-m  qodef-single-image qodef-layout--default  qodef-image-shadow--no\">\n\t<div class=\"qodef-m-image\">\n\t\t\t<img fetchpriority=\"high\" decoding=\"async\" width=\"1707\" height=\"2560\" src=\"https:\/\/hoffmannmakeup.sk\/wp-content\/uploads\/2022\/07\/B3-scaled.jpg\" class=\"attachment-full size-full\" alt=\"\" srcset=\"https:\/\/hoffmannmakeup.sk\/wp-content\/uploads\/2022\/07\/B3-scaled.jpg 1707w, https:\/\/hoffmannmakeup.sk\/wp-content\/uploads\/2022\/07\/B3-scaled-600x900.jpg 600w, https:\/\/hoffmannmakeup.sk\/wp-content\/uploads\/2022\/07\/B3-200x300.jpg 200w, https:\/\/hoffmannmakeup.sk\/wp-content\/uploads\/2022\/07\/B3-683x1024.jpg 683w, https:\/\/hoffmannmakeup.sk\/wp-content\/uploads\/2022\/07\/B3-768x1152.jpg 768w, https:\/\/hoffmannmakeup.sk\/wp-content\/uploads\/2022\/07\/B3-1024x1536.jpg 1024w, https:\/\/hoffmannmakeup.sk\/wp-content\/uploads\/2022\/07\/B3-1365x2048.jpg 1365w\" sizes=\"(max-width: 1707px) 100vw, 1707px\" \/>\t<\/div>\n\t    <\/div>\n\t\t<\/div>\n\t\t\t\t<\/div>\n\t\t\t\t\t<\/div>\n\t\t<\/div>\n\t\t\t\t<div class=\"elementor-column elementor-col-50 elementor-top-column elementor-element elementor-element-3cddaa6\" data-id=\"3cddaa6\" data-element_type=\"column\">\n\t\t\t<div class=\"elementor-widget-wrap elementor-element-populated\">\n\t\t\t\t\t\t<div class=\"elementor-element elementor-element-2ce505c elementor-widget elementor-widget-parris_core_section_title\" data-id=\"2ce505c\" data-element_type=\"widget\" data-widget_type=\"parris_core_section_title.default\">\n\t\t\t\t<div class=\"elementor-widget-container\">\n\t\t\t<div class=\"qodef-shortcode qodef-m  qodef-section-title qodef-alignment--left\">\n\t\t\t<h2 class=\"qodef-m-title\" >\n\t\t\t\t\tContact me \t\t    \t<\/h2>\n\t    \n    <\/div>\n\t\t<\/div>\n\t\t\t\t<\/div>\n\t\t\t\t<div class=\"elementor-element elementor-element-b57f7c3 elementor-widget elementor-widget-wp-widget-parris_core_social_icons_group\" data-id=\"b57f7c3\" data-element_type=\"widget\" data-widget_type=\"wp-widget-parris_core_social_icons_group.default\">\n\t\t\t\t<div class=\"elementor-widget-container\">\n\t\t\t\t\t\t<div class=\"qodef-social-icons-group\">\n\t\t\t\t<span class=\"qodef-shortcode qodef-m  qodef-icon-holder  qodef-layout--normal\" data-hover-color=\"#676767\" style=\"margin: 0px 0px 0px -5px\">\n\t\t\t<a itemprop=\"url\" href=\"https:\/\/instagram.com\/barbarahoffmann_mua?igshid=YmMyMTA2M2Y=\" target=\"_blank\">\n\t\t\t<span class=\"qodef-icon-font-awesome fab fa-instagram qodef-icon qodef-e\" style=\"color: #000000\" ><\/span>\t\t\t<\/a>\n\t<\/span>\n\t\t\t<\/div>\n\t\t\t\t\t<\/div>\n\t\t\t\t<\/div>\n\t\t\t\t<div class=\"elementor-element elementor-element-abfaf09 elementor-widget elementor-widget-wp-widget-parris_core_contact_form_7\" data-id=\"abfaf09\" data-element_type=\"widget\" data-widget_type=\"wp-widget-parris_core_contact_form_7.default\">\n\t\t\t\t<div class=\"elementor-widget-container\">\n\t\t\t\t\t\t<div class=\"qodef-contact-form-7\">\n\t\t\t\t\n<div class=\"wpcf7 no-js\" id=\"wpcf7-f6459-o1\" lang=\"en-US\" dir=\"ltr\">\n<div class=\"screen-reader-response\"><p role=\"status\" aria-live=\"polite\" aria-atomic=\"true\"><\/p> <ul><\/ul><\/div>\n<form action=\"\/wp-json\/wp\/v2\/pages\/7551\" method=\"post\" class=\"wpcf7-form init\" aria-label=\"Contact form\" novalidate=\"novalidate\" data-status=\"init\" data-trp-original-action=\"\/en\/wp-json\/wp\/v2\/pages\/7551#wpcf7-f6459-o1\">\n<div style=\"display: none;\">\n<input type=\"hidden\" name=\"_wpcf7\" value=\"6459\" \/>\n<input type=\"hidden\" name=\"_wpcf7_version\" value=\"5.9.5\" \/>\n<input type=\"hidden\" name=\"_wpcf7_locale\" value=\"en_US\" \/>\n<input type=\"hidden\" name=\"_wpcf7_unit_tag\" value=\"wpcf7-f6459-o1\" \/>\n<input type=\"hidden\" name=\"_wpcf7_container_post\" value=\"0\" \/>\n<input type=\"hidden\" name=\"_wpcf7_posted_data_hash\" value=\"\" \/>\n<\/div>\n<div class=\"qodef-contact-form-simple qodef-form\">\n\t<div class=\"qodef-newsletter-form-input\">\n\t\t<p><span class=\"wpcf7-form-control-wrap\" data-name=\"your-name\"><input size=\"40\" class=\"wpcf7-form-control wpcf7-text wpcf7-validates-as-required\" aria-required=\"true\" aria-invalid=\"false\" placeholder=\"Name\" value=\"\" type=\"text\" name=\"your-name\" \/><\/span>\n\t\t<\/p>\n\t<\/div>\n\t<div class=\"qodef-newsletter-form-input\">\n\t\t<p><span class=\"wpcf7-form-control-wrap\" data-name=\"your-email\"><input size=\"40\" class=\"wpcf7-form-control wpcf7-email wpcf7-validates-as-required wpcf7-text wpcf7-validates-as-email\" aria-required=\"true\" aria-invalid=\"false\" placeholder=\"Email\" value=\"\" type=\"email\" name=\"your-email\" \/><\/span>\n\t\t<\/p>\n\t<\/div>\n\t<div class=\"qodef-newsletter-form-input\">\n\t\t<p><span class=\"wpcf7-form-control-wrap\" data-name=\"your-phone\"><input size=\"40\" class=\"wpcf7-form-control wpcf7-tel wpcf7-validates-as-required wpcf7-text wpcf7-validates-as-tel\" aria-required=\"true\" aria-invalid=\"false\" placeholder=\"Phone\" value=\"\" type=\"tel\" name=\"your-phone\" \/><\/span>\n\t\t<\/p>\n\t<\/div>\n\t<div class=\"qodef-newsletter-form-textarea\">\n\t\t<p><span class=\"wpcf7-form-control-wrap\" data-name=\"your-message\"><textarea cols=\"40\" rows=\"5\" class=\"wpcf7-form-control wpcf7-textarea wpcf7-validates-as-required\" aria-required=\"true\" aria-invalid=\"false\" placeholder=\"Your message\" name=\"your-message\"><\/textarea><\/span>\n\t\t<\/p>\n\t<\/div>\n\t<div class=\"qodef-newsletter-form-submit\">\n\t\t<p><button class=\"wpcf7-form-control wpcf7-submit qodef-button qodef-size--normal qodef-layout--filled qodef-m\" type=\"submit\"><span class=\"qodef-m-text\">Send me a message<\/span><\/button>\n\t\t<\/p>\n\t<\/div>\n<\/div><div class=\"wpcf7-response-output\" aria-hidden=\"true\"><\/div>\n<input type=\"hidden\" name=\"trp-form-language\" value=\"en\"\/><\/form>\n<\/div>\n\t\t\t<\/div>\n\t\t\t\t\t<\/div>\n\t\t\t\t<\/div>\n\t\t\t\t<div class=\"elementor-element elementor-element-be6c179 elementor-widget elementor-widget-text-editor\" data-id=\"be6c179\" data-element_type=\"widget\" data-widget_type=\"text-editor.default\">\n\t\t\t\t<div class=\"elementor-widget-container\">\n\t\t\t<style>\/*! elementor - v3.21.0 - 26-05-2024 *\/\n.elementor-widget-text-editor.elementor-drop-cap-view-stacked .elementor-drop-cap{background-color:#69727d;color:#fff}.elementor-widget-text-editor.elementor-drop-cap-view-framed .elementor-drop-cap{color:#69727d;border:3px solid;background-color:transparent}.elementor-widget-text-editor:not(.elementor-drop-cap-view-default) .elementor-drop-cap{margin-top:8px}.elementor-widget-text-editor:not(.elementor-drop-cap-view-default) .elementor-drop-cap-letter{width:1em;height:1em}.elementor-widget-text-editor .elementor-drop-cap{float:left;text-align:center;line-height:1;font-size:50px}.elementor-widget-text-editor .elementor-drop-cap-letter{display:inline-block}<\/style>\t\t\t\t<p>For an individual <strong>free consultation,<\/strong> contact me at any time by email at <a style=\"text-decoration: underline;\" href=\"mailto:parris@example.com\">info@barbarahoffmann.sk<\/a> or by phone at <span style=\"text-decoration: underline;\"><a href=\"tel:00421949481766\">+421949481766<\/a><\/span> and we will discuss further details.<\/p>\t\t\t\t\t\t<\/div>\n\t\t\t\t<\/div>\n\t\t\t\t\t<\/div>\n\t\t<\/div>\n\t\t\t\t\t<\/div>\n\t\t<\/section>\n\t\t\t\t<\/div>","protected":false},"excerpt":{"rendered":"<p>Kontaktujte ma! Pre individu\u00e1lnu bezplatn\u00fa konzult\u00e1ciu ma kedyko\u013evek kontaktujte emailom na adrese info@barbarahoffmann.sk alebo telefonicky +421949481766 a dohodneme sa na bli\u017e\u0161\u00edch detailoch.<\/p>","protected":false},"author":1,"featured_media":0,"parent":0,"menu_order":0,"comment_status":"closed","ping_status":"closed","template":"","meta":{"footnotes":""},"class_list":["post-7551","page","type-page","status-publish","hentry"],"_links":{"self":[{"href":"https:\/\/hoffmannmakeup.sk\/en\/wp-json\/wp\/v2\/pages\/7551","targetHints":{"allow":["GET"]}}],"collection":[{"href":"https:\/\/hoffmannmakeup.sk\/en\/wp-json\/wp\/v2\/pages"}],"about":[{"href":"https:\/\/hoffmannmakeup.sk\/en\/wp-json\/wp\/v2\/types\/page"}],"author":[{"embeddable":true,"href":"https:\/\/hoffmannmakeup.sk\/en\/wp-json\/wp\/v2\/users\/1"}],"replies":[{"embeddable":true,"href":"https:\/\/hoffmannmakeup.sk\/en\/wp-json\/wp\/v2\/comments?post=7551"}],"version-history":[{"count":77,"href":"https:\/\/hoffmannmakeup.sk\/en\/wp-json\/wp\/v2\/pages\/7551\/revisions"}],"predecessor-version":[{"id":23103,"href":"https:\/\/hoffmannmakeup.sk\/en\/wp-json\/wp\/v2\/pages\/7551\/revisions\/23103"}],"wp:attachment":[{"href":"https:\/\/hoffmannmakeup.sk\/en\/wp-json\/wp\/v2\/media?parent=7551"}],"curies":[{"name":"wp","href":"https:\/\/api.w.org\/{rel}","templated":true}]}}