{"id":20,"date":"2021-02-17T12:08:13","date_gmt":"2021-02-17T12:08:13","guid":{"rendered":"https:\/\/parris.qodeinteractive.com\/?page_id=20"},"modified":"2023-02-01T12:22:41","modified_gmt":"2023-02-01T12:22:41","slug":"main-home","status":"publish","type":"page","link":"https:\/\/hoffmannmakeup.sk\/it\/","title":{"rendered":"Main home"},"content":{"rendered":"<div data-elementor-type=\"wp-page\" data-elementor-id=\"20\" class=\"elementor elementor-20\">\n\t\t\t\t\t\t<section class=\"elementor-section elementor-top-section elementor-element elementor-element-f0cdb4a elementor-section-full_width elementor-section-height-default elementor-section-height-default qodef-elementor-content-no\" data-id=\"f0cdb4a\" data-element_type=\"section\" data-settings=\"{&quot;background_background&quot;:&quot;classic&quot;}\">\n\t\t\t\t\t\t<div class=\"elementor-container elementor-column-gap-default\">\n\t\t\t\t\t<div class=\"elementor-column elementor-col-100 elementor-top-column elementor-element elementor-element-0012c51\" data-id=\"0012c51\" data-element_type=\"column\">\n\t\t\t<div class=\"elementor-widget-wrap elementor-element-populated\">\n\t\t\t\t\n\n\t\t<div class=\"elementor-element elementor-element-5c1bc83 elementor-widget elementor-widget-slider_revolution\" data-id=\"5c1bc83\" data-element_type=\"widget\" data-widget_type=\"slider_revolution.default\">\n\t\t\t\t<div class=\"elementor-widget-container\">\n\t\t\t\r\n\t\t<div class=\"wp-block-themepunch-revslider\">\n\t\t\t<!-- START main home 1 REVOLUTION SLIDER 6.4.11 --><p class=\"rs-p-wp-fix\"><\/p>\n\t\t\t<rs-module-wrap id=\"rev_slider_6_1_wrapper\" data-source=\"gallery\" style=\"background:transparent;padding:0;\">\n\t\t\t\t<rs-module id=\"rev_slider_6_1\" style=\"\" data-version=\"6.4.11\">\n\t\t\t\t\t<rs-slides>\n\t\t\t\t\t\t<rs-slide data-key=\"rs-10\" data-title=\"Slide\" data-in=\"o:0;x:100%;\" data-out=\"x:-60%;\">\n\t\t\t\t\t\t\t<img fetchpriority=\"high\" decoding=\"async\" src=\"\/\/hoffmannmakeup.sk\/wp-content\/uploads\/2022\/07\/HP-SLIDER.png\" title=\"HP SLIDER\" width=\"1920\" height=\"1100\" class=\"rev-slidebg tp-rs-img\" data-bg=\"p:center bottom;\" data-no-retina>\n<!--\n\t\t\t\t\t\t\t--><rs-layer\n\t\t\t\t\t\t\t\tid=\"slider-6-slide-10-layer-0\" \n\t\t\t\t\t\t\t\tdata-type=\"image\"\n\t\t\t\t\t\t\t\tdata-xy=\"x:l,l,c,c;xo:330px,276px,-91px,-119px;y:m;yo:106px,79px,144px,134px;\"\n\t\t\t\t\t\t\t\tdata-text=\"w:normal;\"\n\t\t\t\t\t\t\t\tdata-dim=\"w:513px,417px,279px,277px;h:568px,462px,309px,307px;\"\n\t\t\t\t\t\t\t\tdata-basealign=\"slide\"\n\t\t\t\t\t\t\t\tdata-rsp_o=\"off\"\n\t\t\t\t\t\t\t\tdata-rsp_bd=\"off\"\n\t\t\t\t\t\t\t\tdata-frame_0=\"x:-100%;o:1;\"\n\t\t\t\t\t\t\t\tdata-frame_0_mask=\"u:t;\"\n\t\t\t\t\t\t\t\tdata-frame_1=\"st:300;sp:1500;\"\n\t\t\t\t\t\t\t\tdata-frame_1_mask=\"u:t;\"\n\t\t\t\t\t\t\t\tdata-frame_999=\"x:-100%;o:1;st:w;sp:1000;\"\n\t\t\t\t\t\t\t\tdata-frame_999_mask=\"u:t;\"\n\t\t\t\t\t\t\t\tstyle=\"z-index:9;\"\n\t\t\t\t\t\t\t><img decoding=\"async\" src=\"\/\/hoffmannmakeup.sk\/wp-content\/uploads\/2022\/07\/mua-barbara-slider-mini-obr1.png\" class=\"tp-rs-img\" width=\"650\" height=\"720\" data-no-retina> \n\t\t\t\t\t\t\t<\/rs-layer><!--\n\n\t\t\t\t\t\t\t--><rs-layer\n\t\t\t\t\t\t\t\tid=\"slider-6-slide-10-layer-6\" \n\t\t\t\t\t\t\t\tdata-type=\"text\"\n\t\t\t\t\t\t\t\tdata-xy=\"x:l,l,c,c;xo:132px,65px,-100px,-17px;y:m;yo:278px,10px,0,160px;\"\n\t\t\t\t\t\t\t\tdata-text=\"w:normal;s:14,14,14,10;l:18,18,18,13;a:center;\"\n\t\t\t\t\t\t\t\tdata-dim=\"w:390px,376px,376px,192px;h:496px,auto,auto,auto;\"\n\t\t\t\t\t\t\t\tdata-basealign=\"slide\"\n\t\t\t\t\t\t\t\tdata-rsp_o=\"off\"\n\t\t\t\t\t\t\t\tdata-rsp_bd=\"off\"\n\t\t\t\t\t\t\t\tdata-frame_0=\"x:-175%;o:1;\"\n\t\t\t\t\t\t\t\tdata-frame_0_mask=\"u:t;x:100%;\"\n\t\t\t\t\t\t\t\tdata-frame_1=\"e:circ.inOut;st:350;sp:1000;sR:300;\"\n\t\t\t\t\t\t\t\tdata-frame_1_mask=\"u:t;\"\n\t\t\t\t\t\t\t\tdata-frame_999=\"x:-175%;o:1;e:circ.inOut;st:w;sp:1000;sR:2200;\"\n\t\t\t\t\t\t\t\tdata-frame_999_mask=\"u:t;x:100%;\"\n\t\t\t\t\t\t\t\tstyle=\"z-index:14;font-family:Roboto;\"\n\t\t\t\t\t\t\t><br \/>\n<br \/>\n<br \/>\n<br \/>\n<br \/>\n<br \/>\n<br \/>\n  <p class=\"qodef-shortcode qodef-m  qodef-custom-font qodef-custom-font-507 qodef-layout--simple\" style=\"color: #DB0E18;font-family: Underland;font-size: 80px;line-height: 100px;transform: rotate(-18deg) translateZ(0);transform-origin: 0 center;\">Make up Art<\/p>\n \n\t\t\t\t\t\t\t<\/rs-layer><!--\n\n\t\t\t\t\t\t\t--><rs-layer\n\t\t\t\t\t\t\t\tid=\"slider-6-slide-10-layer-24\" \n\t\t\t\t\t\t\t\tdata-type=\"shape\"\n\t\t\t\t\t\t\t\tdata-xy=\"xo:50px,35px,0,0;y:t,t,m,m;yo:180px,128px,0,0;\"\n\t\t\t\t\t\t\t\tdata-text=\"w:normal;s:20,14,10,4;l:0,17,12,6;\"\n\t\t\t\t\t\t\t\tdata-dim=\"w:300px,300px,190px,190px;h:180px,128px,1030px,482px;\"\n\t\t\t\t\t\t\t\tdata-vbility=\"f,f,t,f\"\n\t\t\t\t\t\t\t\tdata-basealign=\"slide\"\n\t\t\t\t\t\t\t\tdata-rsp_o=\"off\"\n\t\t\t\t\t\t\t\tdata-rsp_bd=\"off\"\n\t\t\t\t\t\t\t\tdata-layeronlimit=\"on\"\n\t\t\t\t\t\t\t\tdata-frame_999=\"x:-50;o:0;st:w;sp:1000;\"\n\t\t\t\t\t\t\t\tstyle=\"z-index:8;background-color:#121212;\"\n\t\t\t\t\t\t\t> \n\t\t\t\t\t\t\t<\/rs-layer><!--\n-->\t\t\t\t\t\t<\/rs-slide>\n\t\t\t\t\t<\/rs-slides>\n\t\t\t\t\t<rs-static-layers><!--\n\t\t\t\t\t--><\/rs-static-layers>\n\t\t\t\t<\/rs-module>\n\t\t\t\t<script type=\"text\/javascript\">\n\t\t\t\t\tsetREVStartSize({c: 'rev_slider_6_1',rl:[1240,1024,778,480],el:[905,645,768,720],gw:[1920,1366,1024,480],gh:[905,645,768,720],type:'standard',justify:'',layout:'fullscreen',offsetContainer:'',offset:'',mh:\"0\"});\n\t\t\t\t\tvar\trevapi6,\n\t\t\t\t\t\ttpj;\n\t\t\t\t\tfunction revinit_revslider61() {\n\t\t\t\t\tjQuery(function() {\n\t\t\t\t\t\ttpj = jQuery;\n\t\t\t\t\t\trevapi6 = tpj(\"#rev_slider_6_1\");\n\t\t\t\t\t\tif(revapi6==undefined || revapi6.revolution == undefined){\n\t\t\t\t\t\t\trevslider_showDoubleJqueryError(\"rev_slider_6_1\");\n\t\t\t\t\t\t}else{\n\t\t\t\t\t\t\trevapi6.revolution({\n\t\t\t\t\t\t\t\tDPR:\"dpr\",\n\t\t\t\t\t\t\t\tsliderLayout:\"fullscreen\",\n\t\t\t\t\t\t\t\tduration:\"3500ms\",\n\t\t\t\t\t\t\t\tvisibilityLevels:\"1240,1024,778,480\",\n\t\t\t\t\t\t\t\tgridwidth:\"1920,1366,1024,480\",\n\t\t\t\t\t\t\t\tgridheight:\"905,645,768,720\",\n\t\t\t\t\t\t\t\thideLayerAtLimit:1001,\n\t\t\t\t\t\t\t\tperspective:600,\n\t\t\t\t\t\t\t\tperspectiveType:\"global\",\n\t\t\t\t\t\t\t\teditorheight:\"905,645,768,720\",\n\t\t\t\t\t\t\t\tresponsiveLevels:\"1240,1024,778,480\",\n\t\t\t\t\t\t\t\tprogressBar:{disableProgressBar:true},\n\t\t\t\t\t\t\t\tnavigation: {\n\t\t\t\t\t\t\t\t\twheelCallDelay:1000,\n\t\t\t\t\t\t\t\t\tonHoverStop:false,\n\t\t\t\t\t\t\t\t\ttouch: {\n\t\t\t\t\t\t\t\t\t\ttouchenabled:true\n\t\t\t\t\t\t\t\t\t}\n\t\t\t\t\t\t\t\t},\n\t\t\t\t\t\t\t\tfallbacks: {\n\t\t\t\t\t\t\t\t\tallowHTML5AutoPlayOnAndroid:true\n\t\t\t\t\t\t\t\t},\n\t\t\t\t\t\t\t});\n\t\t\t\t\t\t}\n\t\t\t\t\t\t\n\t\t\t\t\t});\n\t\t\t\t\t} \/\/ End of RevInitScript\n\t\t\t\tvar once_revslider61 = false;\n\t\t\t\tif (document.readyState === \"loading\") {document.addEventListener('readystatechange',function() { if((document.readyState === \"interactive\" || document.readyState === \"complete\") && !once_revslider61 ) { once_revslider61 = true; revinit_revslider61();}});} else {once_revslider61 = true; revinit_revslider61();}\n\t\t\t\t<\/script>\n\t\t\t<\/rs-module-wrap>\n\t\t\t<!-- END REVOLUTION SLIDER -->\n<\/div>\r\n\r\n\t\t\t\t<\/div>\n\t\t\t\t<\/div>\n\t\t\t\t\t<\/div>\n\t\t<\/div>\n\t\t\t\t\t<\/div>\n\t\t<\/section>\n\t\t\t\t<section class=\"elementor-section elementor-top-section elementor-element elementor-element-b61e4ad qodef-elementor-content-grid qodef-extended-grid qodef-extended-grid--right elementor-section-boxed elementor-section-height-default elementor-section-height-default\" data-id=\"b61e4ad\" data-element_type=\"section\">\n\t\t\t\t\t\t<div class=\"elementor-container elementor-column-gap-default\">\n\t\t\t\t\t<div class=\"elementor-column elementor-col-50 elementor-top-column elementor-element elementor-element-4aba3399\" data-id=\"4aba3399\" data-element_type=\"column\">\n\t\t\t<div class=\"elementor-widget-wrap elementor-element-populated\">\n\t\t\t\t\t\t<div class=\"elementor-element elementor-element-26041c9f elementor-widget elementor-widget-parris_core_section_title\" data-id=\"26041c9f\" data-element_type=\"widget\" data-widget_type=\"parris_core_section_title.default\">\n\t\t\t\t<div class=\"elementor-widget-container\">\n\t\t\t<div class=\"qodef-shortcode qodef-m  qodef-section-title qodef-alignment--left\">\n\t\t\t<h2 class=\"qodef-m-title\" >\n\t\t\t\t\t\"TRUCCATRICE PROFESSIONISTA\"\t\t    \t<\/h2>\n\t\t<p class=\"qodef-m-text\" style=\"font-size: 17px\">Trucco professionale per il giorno e la sera, make-up da sposa, acconciature per eventi speciali, trucco artistico teatrale, facepainting, bodypainting, airbrush e make-up fashion con effetti speciali. Utilizzo di prodotti di trucco Kryolan, la scelta delle star del cinema e delle celebrit\u00e0.  <\/p>\n    \n                    <div class=\"qodef-m-button\">\n            <a class=\"qodef-shortcode qodef-m  qodef-button qodef-layout--outlined  qodef-html--link\" href=\"https:\/\/hoffmannmakeup.sk\/it\/portfolio-gallery\/\" target=\"_blank\" data-hover-color=\"#fff\" data-hover-background-color=\"#000\" style=\"color: #000;border-color: #000\">\t<span class=\"qodef-m-text\">Il mio portfolio<\/span><\/a>        <\/div>\n    <\/div>\n\t\t<\/div>\n\t\t\t\t<\/div>\n\t\t\t\t\t<\/div>\n\t\t<\/div>\n\t\t\t\t<div class=\"elementor-column elementor-col-50 elementor-top-column elementor-element elementor-element-60620b09\" data-id=\"60620b09\" data-element_type=\"column\">\n\t\t\t<div class=\"elementor-widget-wrap elementor-element-populated\">\n\t\t\t\t\t\t<div class=\"elementor-element elementor-element-519d9105 elementor-widget elementor-widget-parris_core_single_image\" data-id=\"519d9105\" data-element_type=\"widget\" data-widget_type=\"parris_core_single_image.default\">\n\t\t\t\t<div class=\"elementor-widget-container\">\n\t\t\t<div class=\"qodef-shortcode qodef-m  qodef-single-image qodef-layout--default  qodef-image-shadow--no qodef-floating-zoom--enabled\">\n\t<div class=\"qodef-m-image\">\n\t\t\t<img decoding=\"async\" src=\"https:\/\/hoffmannmakeup.sk\/wp-content\/uploads\/2022\/05\/mua-kontakt-580x730.png\" alt=\"\" width=\"580\" height=\"730\" \/>\t<\/div>\n\t<div class=\"qodef-m-side-image\" style=\"top: 25%;right: -50%\">\n    <img loading=\"lazy\" decoding=\"async\" width=\"239\" height=\"440\" src=\"https:\/\/hoffmannmakeup.sk\/wp-content\/uploads\/2021\/02\/Home-1-Side-pitcure-1.png\" class=\"attachment-full size-full\" alt=\"m\" srcset=\"https:\/\/hoffmannmakeup.sk\/wp-content\/uploads\/2021\/02\/Home-1-Side-pitcure-1.png 239w, https:\/\/hoffmannmakeup.sk\/wp-content\/uploads\/2021\/02\/Home-1-Side-pitcure-1-163x300.png 163w\" sizes=\"(max-width: 239px) 100vw, 239px\" \/><\/div>    <div class=\"qodef-m-side-text\" style=\"font-size: 60px\">\n    Barbara Hoffmann<\/div><\/div>\n\t\t<\/div>\n\t\t\t\t<\/div>\n\t\t\t\t\t<\/div>\n\t\t<\/div>\n\t\t\t\t\t<\/div>\n\t\t<\/section>\n\t\t\t\t<section class=\"elementor-section elementor-top-section elementor-element elementor-element-201d23f elementor-section-full_width elementor-section-content-middle elementor-section-height-default elementor-section-height-default qodef-elementor-content-no\" data-id=\"201d23f\" data-element_type=\"section\" data-settings=\"{&quot;background_background&quot;:&quot;video&quot;,&quot;background_video_link&quot;:&quot;https:\\\/\\\/youtu.be\\\/GPMnqGYH4so&quot;,&quot;background_play_on_mobile&quot;:&quot;yes&quot;}\">\n\t\t\t\t\t\t\t\t<div class=\"elementor-background-video-container\">\n\t\t\t\t\t\t\t\t\t\t\t\t\t<div class=\"elementor-background-video-embed\"><\/div>\n\t\t\t\t\t\t\t\t\t\t\t\t<\/div>\n\t\t\t\t\t\t\t\t\t<div class=\"elementor-background-overlay\"><\/div>\n\t\t\t\t\t\t\t<div class=\"elementor-container elementor-column-gap-default\">\n\t\t\t\t\t<div class=\"elementor-column elementor-col-100 elementor-top-column elementor-element elementor-element-64305ed\" data-id=\"64305ed\" data-element_type=\"column\">\n\t\t\t<div class=\"elementor-widget-wrap\">\n\t\t\t\t\t\t\t<\/div>\n\t\t<\/div>\n\t\t\t\t\t<\/div>\n\t\t<\/section>\n\t\t\t\t<section class=\"elementor-section elementor-top-section elementor-element elementor-element-25aa041 elementor-section-boxed elementor-section-height-default elementor-section-height-default qodef-elementor-content-no\" data-id=\"25aa041\" data-element_type=\"section\">\n\t\t\t\t\t\t<div class=\"elementor-container elementor-column-gap-default\">\n\t\t\t\t\t<div class=\"elementor-column elementor-col-100 elementor-top-column elementor-element elementor-element-d162246\" data-id=\"d162246\" data-element_type=\"column\">\n\t\t\t<div class=\"elementor-widget-wrap elementor-element-populated\">\n\t\t\t\t\t\t<div class=\"elementor-element elementor-element-756d1f0 elementor-widget elementor-widget-parris_core_section_title\" data-id=\"756d1f0\" data-element_type=\"widget\" data-widget_type=\"parris_core_section_title.default\">\n\t\t\t\t<div class=\"elementor-widget-container\">\n\t\t\t<div class=\"qodef-shortcode qodef-m  qodef-section-title qodef-alignment--center\">\n\t    <div class=\"qodef-m-caption\" style=\"margin: 0px 0px 4px\">SELEZIONE DI LAVORI DA ME REALIZZATI<\/div>\n\t\t<h3 class=\"qodef-m-title\" >\n\t\t\t\t\tbarbara hoffmann\t\t    \t<\/h3>\n\t    \n    <\/div>\n\t\t<\/div>\n\t\t\t\t<\/div>\n\t\t\t\t\t<\/div>\n\t\t<\/div>\n\t\t\t\t\t<\/div>\n\t\t<\/section>\n\t\t\t\t<section class=\"elementor-section elementor-top-section elementor-element elementor-element-f06c0e9 qodef-elementor-content-grid elementor-section-boxed elementor-section-height-default elementor-section-height-default\" data-id=\"f06c0e9\" data-element_type=\"section\">\n\t\t\t\t\t\t<div class=\"elementor-container elementor-column-gap-default\">\n\t\t\t\t\t<div class=\"elementor-column elementor-col-50 elementor-top-column elementor-element elementor-element-a73f081\" data-id=\"a73f081\" data-element_type=\"column\">\n\t\t\t<div class=\"elementor-widget-wrap elementor-element-populated\">\n\t\t\t\t\t\t<div class=\"elementor-element elementor-element-5d980cf elementor-widget elementor-widget-image\" data-id=\"5d980cf\" data-element_type=\"widget\" data-widget_type=\"image.default\">\n\t\t\t\t<div class=\"elementor-widget-container\">\n\t\t\t<style>\/*! elementor - v3.21.0 - 26-05-2024 *\/\n.elementor-widget-image{text-align:center}.elementor-widget-image a{display:inline-block}.elementor-widget-image a img[src$=\".svg\"]{width:48px}.elementor-widget-image img{vertical-align:middle;display:inline-block}<\/style>\t\t\t\t\t\t\t\t\t\t<img loading=\"lazy\" decoding=\"async\" width=\"1080\" height=\"1623\" src=\"https:\/\/hoffmannmakeup.sk\/wp-content\/uploads\/2022\/10\/1.jpg\" class=\"attachment-full size-full wp-image-23085\" alt=\"\" srcset=\"https:\/\/hoffmannmakeup.sk\/wp-content\/uploads\/2022\/10\/1.jpg 1080w, https:\/\/hoffmannmakeup.sk\/wp-content\/uploads\/2022\/10\/1-200x300.jpg 200w, https:\/\/hoffmannmakeup.sk\/wp-content\/uploads\/2022\/10\/1-681x1024.jpg 681w, https:\/\/hoffmannmakeup.sk\/wp-content\/uploads\/2022\/10\/1-768x1154.jpg 768w, https:\/\/hoffmannmakeup.sk\/wp-content\/uploads\/2022\/10\/1-1022x1536.jpg 1022w, https:\/\/hoffmannmakeup.sk\/wp-content\/uploads\/2022\/10\/1-600x902.jpg 600w\" sizes=\"(max-width: 1080px) 100vw, 1080px\" \/>\t\t\t\t\t\t\t\t\t\t\t\t\t<\/div>\n\t\t\t\t<\/div>\n\t\t\t\t<div class=\"elementor-element elementor-element-b188400 elementor-widget elementor-widget-parris_core_section_title\" data-id=\"b188400\" data-element_type=\"widget\" data-widget_type=\"parris_core_section_title.default\">\n\t\t\t\t<div class=\"elementor-widget-container\">\n\t\t\t<div class=\"qodef-shortcode qodef-m  qodef-section-title qodef-alignment--left\">\n\t\t\t<h4 class=\"qodef-m-title\" >\n\t\t\t\t\t<a itemprop=\"url\" href=\"https:\/\/parris.qodeinteractive.com\/shop-this-look\/\" target=\"_self\">\n\t\t\t\t\tSTEAMPUNK LOOK ISPIRATO A LONDRA\t\t\t\t\t<\/a>\n\t\t    \t<\/h4>\n\t\t<p class=\"qodef-m-text\" style=\"margin-top: 10px\">Trucco ispirato a Londra nello stile storico vittoriano con un tocco di futurismo. Per rappresentare in modo armonioso le tradizioni dell'epoca vittoriana unite agli accessori futuristici, ho utilizzato pigmenti metallici dorati. Per creare contrasto, ho applicato una base nera combinata con anelli metallici tipici dello \"steampunk\". Rossetto nero opaco con pigmento dorato al centro delle labbra, capelli con \"effetto fris\u00e8\" e un piccolo cappello completano l'atmosfera di questo look unico. <\/p>\n    \n    <\/div>\n\t\t<\/div>\n\t\t\t\t<\/div>\n\t\t\t\t\t<\/div>\n\t\t<\/div>\n\t\t\t\t<div class=\"elementor-column elementor-col-50 elementor-top-column elementor-element elementor-element-d9d4956\" data-id=\"d9d4956\" data-element_type=\"column\">\n\t\t\t<div class=\"elementor-widget-wrap elementor-element-populated\">\n\t\t\t\t\t\t<div class=\"elementor-element elementor-element-2806540 elementor-widget elementor-widget-image\" data-id=\"2806540\" data-element_type=\"widget\" data-widget_type=\"image.default\">\n\t\t\t\t<div class=\"elementor-widget-container\">\n\t\t\t\t\t\t\t\t\t\t\t\t\t<img loading=\"lazy\" decoding=\"async\" width=\"1080\" height=\"1623\" src=\"https:\/\/hoffmannmakeup.sk\/wp-content\/uploads\/2022\/10\/2.jpg\" class=\"attachment-full size-full wp-image-23089\" alt=\"\" srcset=\"https:\/\/hoffmannmakeup.sk\/wp-content\/uploads\/2022\/10\/2.jpg 1080w, https:\/\/hoffmannmakeup.sk\/wp-content\/uploads\/2022\/10\/2-200x300.jpg 200w, https:\/\/hoffmannmakeup.sk\/wp-content\/uploads\/2022\/10\/2-681x1024.jpg 681w, https:\/\/hoffmannmakeup.sk\/wp-content\/uploads\/2022\/10\/2-768x1154.jpg 768w, https:\/\/hoffmannmakeup.sk\/wp-content\/uploads\/2022\/10\/2-1022x1536.jpg 1022w, https:\/\/hoffmannmakeup.sk\/wp-content\/uploads\/2022\/10\/2-600x902.jpg 600w\" sizes=\"(max-width: 1080px) 100vw, 1080px\" \/>\t\t\t\t\t\t\t\t\t\t\t\t\t<\/div>\n\t\t\t\t<\/div>\n\t\t\t\t<div class=\"elementor-element elementor-element-ea2975e elementor-widget elementor-widget-parris_core_section_title\" data-id=\"ea2975e\" data-element_type=\"widget\" data-widget_type=\"parris_core_section_title.default\">\n\t\t\t\t<div class=\"elementor-widget-container\">\n\t\t\t<div class=\"qodef-shortcode qodef-m  qodef-section-title qodef-alignment--left\">\n\t\t\t<h4 class=\"qodef-m-title\" >\n\t\t\t\t\t<a itemprop=\"url\" href=\"https:\/\/parris.qodeinteractive.com\/shop-this-look\/\" target=\"_self\">\n\t\t\t\t\tTRUCCO HALLOWEEN ORIGINALE\t\t\t\t\t<\/a>\n\t\t    \t<\/h4>\n\t\t<p class=\"qodef-m-text\" style=\"margin-top: 10px\">Il trucco per Halloween \u00e8 sempre pi\u00f9 popolare e, tra le mie creazioni, \u00e8 anche il mio preferito. \u00c8 richiesto sia da chi vuole distinguersi con maschere originali, sia da agenzie di eventi che organizzano feste a tema. L'ispirazione principale per il trucco di Halloween viene dalla famosa festa messicana Dia de Los Muertos. Per creare il \"teschio\" mostrato nell'immagine, ho utilizzato colori attivati con acqua Aquacolor di Kryolan.<\/p>\n    \n    <\/div>\n\t\t<\/div>\n\t\t\t\t<\/div>\n\t\t\t\t\t<\/div>\n\t\t<\/div>\n\t\t\t\t\t<\/div>\n\t\t<\/section>\n\t\t\t\t<section class=\"elementor-section elementor-top-section elementor-element elementor-element-90633c3 qodef-elementor-content-grid elementor-section-boxed elementor-section-height-default elementor-section-height-default\" data-id=\"90633c3\" data-element_type=\"section\">\n\t\t\t\t\t\t<div class=\"elementor-container elementor-column-gap-default\">\n\t\t\t\t\t<div class=\"elementor-column elementor-col-50 elementor-top-column elementor-element elementor-element-5491027\" data-id=\"5491027\" data-element_type=\"column\">\n\t\t\t<div class=\"elementor-widget-wrap elementor-element-populated\">\n\t\t\t\t\t\t<div class=\"elementor-element elementor-element-86a6f7a elementor-widget elementor-widget-image\" data-id=\"86a6f7a\" data-element_type=\"widget\" data-widget_type=\"image.default\">\n\t\t\t\t<div class=\"elementor-widget-container\">\n\t\t\t\t\t\t\t\t\t\t\t\t\t<img loading=\"lazy\" decoding=\"async\" width=\"1080\" height=\"1623\" src=\"https:\/\/hoffmannmakeup.sk\/wp-content\/uploads\/2022\/10\/3.jpg\" class=\"attachment-full size-full wp-image-23093\" alt=\"\" srcset=\"https:\/\/hoffmannmakeup.sk\/wp-content\/uploads\/2022\/10\/3.jpg 1080w, https:\/\/hoffmannmakeup.sk\/wp-content\/uploads\/2022\/10\/3-200x300.jpg 200w, https:\/\/hoffmannmakeup.sk\/wp-content\/uploads\/2022\/10\/3-681x1024.jpg 681w, https:\/\/hoffmannmakeup.sk\/wp-content\/uploads\/2022\/10\/3-768x1154.jpg 768w, https:\/\/hoffmannmakeup.sk\/wp-content\/uploads\/2022\/10\/3-1022x1536.jpg 1022w, https:\/\/hoffmannmakeup.sk\/wp-content\/uploads\/2022\/10\/3-600x902.jpg 600w\" sizes=\"(max-width: 1080px) 100vw, 1080px\" \/>\t\t\t\t\t\t\t\t\t\t\t\t\t<\/div>\n\t\t\t\t<\/div>\n\t\t\t\t<div class=\"elementor-element elementor-element-d3427a2 elementor-widget elementor-widget-parris_core_section_title\" data-id=\"d3427a2\" data-element_type=\"widget\" data-widget_type=\"parris_core_section_title.default\">\n\t\t\t\t<div class=\"elementor-widget-container\">\n\t\t\t<div class=\"qodef-shortcode qodef-m  qodef-section-title qodef-alignment--left\">\n\t\t\t<h4 class=\"qodef-m-title\" >\n\t\t\t\t\t<a itemprop=\"url\" href=\"https:\/\/parris.qodeinteractive.com\/shop-this-look\/\" target=\"_self\">\n\t\t\t\t\tLOOK REGALE ISPIRATO ALLA CORONA\t\t\t\t\t<\/a>\n\t\t    \t<\/h4>\n\t\t<p class=\"qodef-m-text\" style=\"margin-top: 10px\">Le mie ispirazioni variano, e il risultato finale dipende dall'armonia tra le varie componenti. Per questo make-up mi sono lasciata ispirare da una corona. La maestosa corona mi ha guidato nella creazione di un look delicato ma sofisticato. Ho applicato un blush color pesca sugli zigomi e un rossetto nude opaco sulle labbra per addolcire il viso. Pigmenti metallici argento e blu, ciglia finte e sopracciglia ben definite mettono in evidenza gli occhi, il punto focale di questo trucco. <\/p>\n    \n    <\/div>\n\t\t<\/div>\n\t\t\t\t<\/div>\n\t\t\t\t\t<\/div>\n\t\t<\/div>\n\t\t\t\t<div class=\"elementor-column elementor-col-50 elementor-top-column elementor-element elementor-element-fd69587\" data-id=\"fd69587\" data-element_type=\"column\">\n\t\t\t<div class=\"elementor-widget-wrap elementor-element-populated\">\n\t\t\t\t\t\t<div class=\"elementor-element elementor-element-7777e7a elementor-widget elementor-widget-image\" data-id=\"7777e7a\" data-element_type=\"widget\" data-widget_type=\"image.default\">\n\t\t\t\t<div class=\"elementor-widget-container\">\n\t\t\t\t\t\t\t\t\t\t\t\t\t<img loading=\"lazy\" decoding=\"async\" width=\"1080\" height=\"1623\" src=\"https:\/\/hoffmannmakeup.sk\/wp-content\/uploads\/2022\/10\/4.jpg\" class=\"attachment-full size-full wp-image-23097\" alt=\"\" srcset=\"https:\/\/hoffmannmakeup.sk\/wp-content\/uploads\/2022\/10\/4.jpg 1080w, https:\/\/hoffmannmakeup.sk\/wp-content\/uploads\/2022\/10\/4-200x300.jpg 200w, https:\/\/hoffmannmakeup.sk\/wp-content\/uploads\/2022\/10\/4-681x1024.jpg 681w, https:\/\/hoffmannmakeup.sk\/wp-content\/uploads\/2022\/10\/4-768x1154.jpg 768w, https:\/\/hoffmannmakeup.sk\/wp-content\/uploads\/2022\/10\/4-1022x1536.jpg 1022w, https:\/\/hoffmannmakeup.sk\/wp-content\/uploads\/2022\/10\/4-600x902.jpg 600w\" sizes=\"(max-width: 1080px) 100vw, 1080px\" \/>\t\t\t\t\t\t\t\t\t\t\t\t\t<\/div>\n\t\t\t\t<\/div>\n\t\t\t\t<div class=\"elementor-element elementor-element-5b5fca1 elementor-widget elementor-widget-parris_core_section_title\" data-id=\"5b5fca1\" data-element_type=\"widget\" data-widget_type=\"parris_core_section_title.default\">\n\t\t\t\t<div class=\"elementor-widget-container\">\n\t\t\t<div class=\"qodef-shortcode qodef-m  qodef-section-title qodef-alignment--left\">\n\t\t\t<h4 class=\"qodef-m-title\" >\n\t\t\t\t\t<a itemprop=\"url\" href=\"https:\/\/parris.qodeinteractive.com\/shop-this-look\/\" target=\"_self\">\n\t\t\t\t\tARTE DEL COLORE NEL MAKE-UP\t\t\t\t\t<\/a>\n\t\t    \t<\/h4>\n\t\t<p class=\"qodef-m-text\" style=\"margin-top: 10px\">Il viso \u00e8 per me come una tela per il pittore. Combinare il trucco beauty con un'espressione artistica \u00e8 il mio modo di esprimere sensibilit\u00e0 artistica. Uso diverse texture e una vasta gamma di colori per creare un insieme coerente e unico. Per il trucco mostrato ho utilizzato blush rosa e colori Aquacolor di Kryolan. L'aggiunta di pigmento dorato ha aumentato la luminosit\u00e0. L'applicazione di una foglia d'oro nei capelli modellati con gel completa l'aspetto finale del look.  <\/p>\n    \n    <\/div>\n\t\t<\/div>\n\t\t\t\t<\/div>\n\t\t\t\t\t<\/div>\n\t\t<\/div>\n\t\t\t\t\t<\/div>\n\t\t<\/section>\n\t\t\t\t<\/div>","protected":false},"excerpt":{"rendered":"<p>&#8222;PROFESION\u00c1LNA MAKE-UP VIZ\u00c1\u017dISTKA&#8220; Profesion\u00e1lne denn\u00e9 a ve\u010dern\u00e9 l\u00ed\u010denie, svadobn\u00fd make-up, spolo\u010densk\u00e9 \u00fa\u010desy na ak\u00fako\u013evek pr\u00edle\u017eitos\u0165, art divadeln\u00fd make-up, facepainting, bodypainting, airbrush a fashion make-up so \u0161peci\u00e1lnymi efektmi. Pr\u00e1ca s make-upom mask\u00e9rov filmov\u00fdch hviezd a celebr\u00edt KRYOLAN. moje portf\u00f3lio Barbara Hoffmann v\u00fdber pr\u00e1c z tvorby barbara hoffmann Steampunk look inspired by London Make-up in\u0161pirovan\u00fd Lond\u00fdnom v [&hellip;]<\/p>","protected":false},"author":1,"featured_media":0,"parent":0,"menu_order":0,"comment_status":"closed","ping_status":"closed","template":"page-full-width.php","meta":{"footnotes":""},"class_list":["post-20","page","type-page","status-publish","hentry"],"_links":{"self":[{"href":"https:\/\/hoffmannmakeup.sk\/it\/wp-json\/wp\/v2\/pages\/20","targetHints":{"allow":["GET"]}}],"collection":[{"href":"https:\/\/hoffmannmakeup.sk\/it\/wp-json\/wp\/v2\/pages"}],"about":[{"href":"https:\/\/hoffmannmakeup.sk\/it\/wp-json\/wp\/v2\/types\/page"}],"author":[{"embeddable":true,"href":"https:\/\/hoffmannmakeup.sk\/it\/wp-json\/wp\/v2\/users\/1"}],"replies":[{"embeddable":true,"href":"https:\/\/hoffmannmakeup.sk\/it\/wp-json\/wp\/v2\/comments?post=20"}],"version-history":[{"count":150,"href":"https:\/\/hoffmannmakeup.sk\/it\/wp-json\/wp\/v2\/pages\/20\/revisions"}],"predecessor-version":[{"id":24388,"href":"https:\/\/hoffmannmakeup.sk\/it\/wp-json\/wp\/v2\/pages\/20\/revisions\/24388"}],"wp:attachment":[{"href":"https:\/\/hoffmannmakeup.sk\/it\/wp-json\/wp\/v2\/media?parent=20"}],"curies":[{"name":"wp","href":"https:\/\/api.w.org\/{rel}","templated":true}]}}